{"id":3338,"date":"2018-08-19T15:36:47","date_gmt":"2018-08-19T15:36:47","guid":{"rendered":"https:\/\/penzion-garden.cz\/?page_id=3338"},"modified":"2020-12-01T09:50:36","modified_gmt":"2020-12-01T09:50:36","slug":"kontakt","status":"publish","type":"page","link":"https:\/\/penzion-garden.cz\/pl\/kontakt\/","title":{"rendered":"Kontakt"},"content":{"rendered":"[vc_row ct_row_stretch=&#8221;stretch_row_content&#8221; css=&#8221;.vc_custom_1531688168843{padding-top: 40px !important;}&#8221;][vc_column]<div id=\"ultimate-heading-421569f338e7261d5\" class=\"uvc-heading ult-adjust-bottom-margin ultimate-heading-421569f338e7261d5 uvc-2108 \" data-hspacer=\"no_spacer\"  data-halign=\"center\" style=\"text-align:center\"><div class=\"uvc-heading-spacer no_spacer\" style=\"top\"><\/div><div class=\"uvc-main-heading ult-responsive\"  data-ultimate-target='.uvc-heading.ultimate-heading-421569f338e7261d5 h2'  data-responsive-json-new='{\"font-size\":\"desktop:25px;\",\"line-height\":\"desktop:30px;\"}' ><h2 style=\"font-family:&#039;Cinzel&#039;;font-weight:700;color:#87a802;margin-bottom:15px;\">KONTAKT<\/h2><\/div><div class=\"uvc-sub-heading ult-responsive\"  data-ultimate-target='.uvc-heading.ultimate-heading-421569f338e7261d5 .uvc-sub-heading '  data-responsive-json-new='{\"font-size\":\"desktop:17px;\",\"line-height\":\"desktop:20px;\"}'  style=\"font-family:&#039;Roboto&#039;;font-weight:700;\"><a href=\"mailto:rezervace@penziongarden.cz\">rezervace@penziongarden.cz<\/a><\/p>\n<p class=\"p1\">JESTE\u015aMY TU DLA PA\u0143STWA OD 9.00 DO 20.30<\/p>\n<\/div><\/div>[\/vc_column][\/vc_row][vc_row ct_row_stretch=&#8221;&#8221; css=&#8221;.vc_custom_1531687934511{padding-top: 40px !important;padding-bottom: 40px !important;}&#8221;][vc_column width=&#8221;1\/3&#8243;]<div class=\"ult-content-box-container \" >\t<a class=\"ult-content-box-anchor\" href=\"https:\/\/www.google.com\/maps?ll=50.635166,15.713551&z=16&t=m&hl=cs-CZ&gl=CZ&mapclient=embed&cid=9366179290222239475\" >\t\t<div class=\"ult-content-box\" style=\"box-shadow: px px px px none;border-style:solid;border-width:2px;border-radius:10px;border-color:#172b4d;padding-top:40px;padding-right:20px;padding-bottom:40px;padding-left:20px;min-height:200px;-webkit-transition: all 700ms ease;-moz-transition: all 700ms ease;-ms-transition: all 700ms ease;-o-transition: all 700ms ease;transition: all 700ms ease;\"  data-hover_box_shadow=\"none\"     data-border_color=\"#172b4d\" ><div id=\"ultimate-heading-555569f338e726305\" class=\"uvc-heading ult-adjust-bottom-margin ultimate-heading-555569f338e726305 uvc-4095 \" data-hspacer=\"no_spacer\"  data-halign=\"left\" style=\"text-align:left\"><div class=\"uvc-heading-spacer no_spacer\" style=\"top\"><\/div><div class=\"uvc-sub-heading ult-responsive\"  data-ultimate-target='.uvc-heading.ultimate-heading-555569f338e726305 .uvc-sub-heading '  data-responsive-json-new='{\"font-size\":\"desktop:17px;\",\"line-height\":\"desktop:25px;\"}'  style=\"font-family:&#039;Roboto&#039;;font-weight:500;color:#172b4d;\"><strong>Adres :\u00a0\u00a0<\/strong>\u00a0 \u00a0 \u00a0 \u00a0 \u00a0 \u00a0 \u00a0 \u00a0 \u00a0 \u00a0 \u00a0 \u00a0 \u00a0 \u00a0 \u00a0 \u00a0 \u00a0 \u00a0 \u010cern\u00fd D\u016fl 253<br \/>\n<strong>Poczta :\u00a0<\/strong>\u00a0 \u00a0 \u00a0 \u00a0 \u00a0 \u00a0 \u00a0 \u00a0 \u00a0 \u00a0 \u00a0 \u00a0 \u00a0 \u00a0 \u00a0 \u00a0 \u00a0 \u00a0 543 44 \u010cern\u00fd D\u016fl<br \/>\n<b>Godzina zakwaterowania <\/b><strong> :<\/strong>\u00a0 \u00a0 16:00<br \/>\n<b>Godzina wykwaterowania <\/b><strong> :<\/strong>\u00a0 \u00a011:00<\/div><\/div>\t\t<\/div>\t<\/a><\/div>[\/vc_column][vc_column width=&#8221;1\/3&#8243;]<div class=\"ult-content-box-container \" >\t<a class=\"ult-content-box-anchor\" href=\"https:\/\/www.google.com\/maps?ll=50.635166,15.713551&z=16&t=m&hl=cs-CZ&gl=CZ&mapclient=embed&cid=9366179290222239475\" >\t\t<div class=\"ult-content-box\" style=\"box-shadow: px px px px none;border-style:solid;border-width:2px;border-radius:10px;border-color:#172b4d;padding-top:40px;padding-right:20px;padding-bottom:40px;padding-left:20px;min-height:200px;-webkit-transition: all 700ms ease;-moz-transition: all 700ms ease;-ms-transition: all 700ms ease;-o-transition: all 700ms ease;transition: all 700ms ease;\"  data-hover_box_shadow=\"none\"     data-border_color=\"#172b4d\" ><div class=\"ult-spacer spacer-69f338e7263d8\" data-id=\"69f338e7263d8\" data-height=\"30\" data-height-mobile=\"30\" data-height-tab=\"30\" data-height-tab-portrait=\"\" data-height-mobile-landscape=\"\" style=\"clear:both;display:block;\"><\/div><div id=\"ultimate-heading-977969f338e726401\" class=\"uvc-heading ult-adjust-bottom-margin ultimate-heading-977969f338e726401 uvc-1148 \" data-hspacer=\"no_spacer\"  data-halign=\"center\" style=\"text-align:center\"><div class=\"uvc-heading-spacer no_spacer\" style=\"top\"><\/div><div class=\"uvc-main-heading ult-responsive\"  data-ultimate-target='.uvc-heading.ultimate-heading-977969f338e726401 h2'  data-responsive-json-new='{\"font-size\":\"desktop:30px;\",\"line-height\":\"desktop:30px;\"}' ><h2 style=\"font-family:&#039;Roboto&#039;;font-weight:700;color:#172b4d;margin-bottom:10px;\">CZ\/PL<\/h2><\/div><div class=\"uvc-sub-heading ult-responsive\"  data-ultimate-target='.uvc-heading.ultimate-heading-977969f338e726401 .uvc-sub-heading '  data-responsive-json-new='{\"font-size\":\"desktop:20px;\",\"line-height\":\"desktop:25px;\"}'  style=\"font-family:&#039;Roboto&#039;;font-weight:700;color:#172b4d;\"><a href=\"tel:+420773135211\">+420\/ 773 135 211<\/a><\/div><\/div>\t\t<\/div>\t<\/a><\/div>[\/vc_column][vc_column width=&#8221;1\/3&#8243;]<div class=\"ult-content-box-container \" >\t<a class=\"ult-content-box-anchor\" href=\"https:\/\/www.google.com\/maps?ll=50.635166,15.713551&z=16&t=m&hl=cs-CZ&gl=CZ&mapclient=embed&cid=9366179290222239475\" >\t\t<div class=\"ult-content-box\" style=\"box-shadow: px px px px none;border-style:solid;border-width:2px;border-radius:10px;border-color:#172b4d;padding-top:40px;padding-right:20px;padding-bottom:40px;padding-left:20px;min-height:200px;-webkit-transition: all 700ms ease;-moz-transition: all 700ms ease;-ms-transition: all 700ms ease;-o-transition: all 700ms ease;transition: all 700ms ease;\"  data-hover_box_shadow=\"none\"     data-border_color=\"#172b4d\" ><div class=\"ult-spacer spacer-69f338e726480\" data-id=\"69f338e726480\" data-height=\"30\" data-height-mobile=\"30\" data-height-tab=\"30\" data-height-tab-portrait=\"\" data-height-mobile-landscape=\"\" style=\"clear:both;display:block;\"><\/div><div id=\"ultimate-heading-528669f338e7264a4\" class=\"uvc-heading ult-adjust-bottom-margin ultimate-heading-528669f338e7264a4 uvc-599 \" data-hspacer=\"no_spacer\"  data-halign=\"center\" style=\"text-align:center\"><div class=\"uvc-heading-spacer no_spacer\" style=\"top\"><\/div><div class=\"uvc-main-heading ult-responsive\"  data-ultimate-target='.uvc-heading.ultimate-heading-528669f338e7264a4 h2'  data-responsive-json-new='{\"font-size\":\"desktop:30px;\",\"line-height\":\"desktop:30px;\"}' ><h2 style=\"font-family:&#039;Roboto&#039;;font-weight:700;color:#172b4d;margin-bottom:10px;\">AJ\/DE<\/h2><\/div><div class=\"uvc-sub-heading ult-responsive\"  data-ultimate-target='.uvc-heading.ultimate-heading-528669f338e7264a4 .uvc-sub-heading '  data-responsive-json-new='{\"font-size\":\"desktop:20px;\",\"line-height\":\"desktop:25px;\"}'  style=\"font-family:&#039;Roboto&#039;;font-weight:700;color:#172b4d;\"><a href=\"tel:+420722944234\">+420\/ 722 944 234<\/a><\/div><\/div>\t\t<\/div>\t<\/a><\/div>[\/vc_column][\/vc_row][vc_row ct_row_stretch=&#8221;&#8221; bg_type=&#8221;bg_color&#8221; content_spacing=&#8221;&#8221; bg_repeat=&#8221;repeat&#8221; bg_size=&#8221;cover&#8221; trans_property=&#8221;all&#8221; trans_duration=&#8221;&#8221; trans_function=&#8221;ease&#8221; border=&#8221;border-style:solid;|border-width:2px;border-radius:10px;|border-color:#000000;&#8221; box_shadow=&#8221;horizontal:px|vertical:px|blur:px|spread:px|style:none|&#8221; hover_box_shadow=&#8221;horizontal:px|vertical:px|blur:px|spread:px|style:none|&#8221; min_height=&#8221;150&#8243; margin=&#8221;margin-bottom:30px;&#8221; bg_color=&#8221;&#8221; bg_image=&#8221;&#8221; padding=&#8221;&#8221; link=&#8221;&#8221; bg_position=&#8221;&#8221; hover_bg_color=&#8221;&#8221; hover_border_color=&#8221;&#8221; content_transition=&#8221;&#8221; responsive_margin=&#8221;&#8221;][vc_column]<div class=\"ult-content-box-container \" >\t\t<div class=\"ult-content-box\" style=\"box-shadow: px px px px none;border-style:solid;border-width:2px;border-radius:10px;border-color:#000000;margin-bottom:30px;min-height:150px;-webkit-transition: all 700ms ease;-moz-transition: all 700ms ease;-ms-transition: all 700ms ease;-o-transition: all 700ms ease;transition: all 700ms ease;\"  data-hover_box_shadow=\"none\"    data-normal_margins=\"margin-bottom:30px;\"   data-border_color=\"#000000\" ><div id=\"ultimate-heading-308169f338e726523\" class=\"uvc-heading ult-adjust-bottom-margin ultimate-heading-308169f338e726523 uvc-1033 \" data-hspacer=\"no_spacer\"  data-halign=\"center\" style=\"text-align:center\"><div class=\"uvc-heading-spacer no_spacer\" style=\"top\"><\/div><div class=\"uvc-main-heading ult-responsive\"  data-ultimate-target='.uvc-heading.ultimate-heading-308169f338e726523 h2'  data-responsive-json-new='{\"font-size\":\"\",\"line-height\":\"\"}' ><h2 style=\"font-family:&#039;Roboto&#039;;font-weight:700;color:#000000;margin-top:30px;\">Bank account<\/h2><\/div><div class=\"uvc-sub-heading ult-responsive\"  data-ultimate-target='.uvc-heading.ultimate-heading-308169f338e726523 .uvc-sub-heading '  data-responsive-json-new='{\"font-size\":\"\",\"line-height\":\"\"}'  style=\"font-weight:normal;color:#000000;\">\n<p style=\"text-align: center;\">account: <strong>4211188777 \/ 6800<\/strong> Sberbank<br \/>\nIBAN: CZ43 6800 0000 0042 1118 8777<br \/>\nBIC (SWIFT): VBOECZ2X<\/p>\n<\/div><\/div>\t\t<\/div><\/div>[\/vc_column][\/vc_row][vc_row ct_row_stretch=&#8221;stretch_row_content&#8221;][vc_column][vc_gmaps link=&#8221;#E-8_JTNDaWZyYW1lJTIwc3JjJTNEJTIyaHR0cHMlM0ElMkYlMkZ3d3cuZ29vZ2xlLmNvbSUyRm1hcHMlMkZlbWJlZCUzRnBiJTNEJTIxMW0xOCUyMTFtMTIlMjExbTMlMjExZDI1MzAuNTY2NjgzNjg1NzE4JTIxMmQxNS43MTEzNjIzMTY2Mzc2ODYlMjEzZDUwLjYzNTE2NTk3OTUwMTE3NCUyMTJtMyUyMTFmMCUyMTJmMCUyMTNmMCUyMTNtMiUyMTFpMTAyNCUyMTJpNzY4JTIxNGYxMy4xJTIxM20zJTIxMW0yJTIxMXMweDQ3MGVlYjVlZTM3NjYwNTMlMjUzQTB4ODFmYjVhNzBiODUxMWVmMyUyMTJzQXBhcnRtJTI1QzMlMjVBMW55JTJCR2FyZGVuJTIxNWUwJTIxM20yJTIxMXNjcyUyMTJzY3olMjE0djE1MjcxMjMyNjE1MzclMjIlMjB3aWR0aCUzRCUyMjYwMCUyMiUyMGhlaWdodCUzRCUyMjQ1MCUyMiUyMGZyYW1lYm9yZGVyJTNEJTIyMCUyMiUyMHN0eWxlJTNEJTIyYm9yZGVyJTNBMCUyMiUyMGFsbG93ZnVsbHNjcmVlbiUzRSUzQyUyRmlmcmFtZSUzRQ==&#8221; el_id=&#8221;mapy-google&#8221;][\/vc_column][\/vc_row]\n","protected":false},"excerpt":{"rendered":"<p>[vc_row ct_row_stretch=&#8221;stretch_row_content&#8221; css=&#8221;.vc_custom_1531688168843{padding-top: 40px !important;}&#8221;][vc_column][\/vc_column][\/vc_row][vc_row ct_row_stretch=&#8221;&#8221; css=&#8221;.vc_custom_1531687934511{padding-top: 40px !important;padding-bottom: 40px !important;}&#8221;][vc_column width=&#8221;1\/3&#8243;][\/vc_column][vc_column width=&#8221;1\/3&#8243;][\/vc_column][vc_column width=&#8221;1\/3&#8243;][\/vc_column][\/vc_row][vc_row ct_row_stretch=&#8221;&#8221; bg_type=&#8221;bg_color&#8221; content_spacing=&#8221;&#8221; bg_repeat=&#8221;repeat&#8221; bg_size=&#8221;cover&#8221; trans_property=&#8221;all&#8221; trans_duration=&#8221;&#8221; trans_function=&#8221;ease&#8221; border=&#8221;border-style:solid;|border-width:2px;border-radius:10px;|border-color:#000000;&#8221; box_shadow=&#8221;horizontal:px|vertical:px|blur:px|spread:px|style:none|&#8221; hover_box_shadow=&#8221;horizontal:px|vertical:px|blur:px|spread:px|style:none|&#8221; min_height=&#8221;150&#8243; margin=&#8221;margin-bottom:30px;&#8221; bg_color=&#8221;&#8221; bg_image=&#8221;&#8221; padding=&#8221;&#8221; link=&#8221;&#8221; bg_position=&#8221;&#8221; hover_bg_color=&#8221;&#8221; hover_border_color=&#8221;&#8221; content_transition=&#8221;&#8221; responsive_margin=&#8221;&#8221;][vc_column][\/vc_column][\/vc_row][vc_row ct_row_stretch=&#8221;stretch_row_content&#8221;][vc_column][vc_gmaps link=&#8221;#E-8_JTNDaWZyYW1lJTIwc3JjJTNEJTIyaHR0cHMlM0ElMkYlMkZ3d3cuZ29vZ2xlLmNvbSUyRm1hcHMlMkZlbWJlZCUzRnBiJTNEJTIxMW0xOCUyMTFtMTIlMjExbTMlMjExZDI1MzAuNTY2NjgzNjg1NzE4JTIxMmQxNS43MTEzNjIzMTY2Mzc2ODYlMjEzZDUwLjYzNTE2NTk3OTUwMTE3NCUyMTJtMyUyMTFmMCUyMTJmMCUyMTNmMCUyMTNtMiUyMTFpMTAyNCUyMTJpNzY4JTIxNGYxMy4xJTIxM20zJTIxMW0yJTIxMXMweDQ3MGVlYjVlZTM3NjYwNTMlMjUzQTB4ODFmYjVhNzBiODUxMWVmMyUyMTJzQXBhcnRtJTI1QzMlMjVBMW55JTJCR2FyZGVuJTIxNWUwJTIxM20yJTIxMXNjcyUyMTJzY3olMjE0djE1MjcxMjMyNjE1MzclMjIlMjB3aWR0aCUzRCUyMjYwMCUyMiUyMGhlaWdodCUzRCUyMjQ1MCUyMiUyMGZyYW1lYm9yZGVyJTNEJTIyMCUyMiUyMHN0eWxlJTNEJTIyYm9yZGVyJTNBMCUyMiUyMGFsbG93ZnVsbHNjcmVlbiUzRSUzQyUyRmlmcmFtZSUzRQ==&#8221; el_id=&#8221;mapy-google&#8221;][\/vc_column][\/vc_row]<\/p>\n","protected":false},"author":4,"featured_media":0,"parent":0,"menu_order":0,"comment_status":"closed","ping_status":"closed","template":"","meta":[],"yoast_head":"<!-- This site is optimized with the Yoast SEO plugin v15.4 - https:\/\/yoast.com\/wordpress\/plugins\/seo\/ -->\n<title>Kontakt &ndash; Penzion Garden<\/title>\n<meta name=\"description\" content=\"Penzion nab\u00edzej\u00edc\u00ed ubytov\u00e1n\u00ed v \u010cern\u00e9m Dole (Krkono\u0161e, J\u00e1nsk\u00e9 L\u00e1zn\u011b) v p\u0159\u00edjemn\u00fdch apartm\u00e1nech. P\u0159ij\u010fte k n\u00e1m str\u00e1vit va\u0161i rodinnou dovolenou!\" \/>\n<meta name=\"robots\" content=\"index, follow, max-snippet:-1, max-image-preview:large, max-video-preview:-1\" \/>\n<link rel=\"canonical\" href=\"https:\/\/penzion-garden.cz\/pl\/kontakt\/\" \/>\n<meta property=\"og:locale\" content=\"pl_PL\" \/>\n<meta property=\"og:type\" content=\"article\" \/>\n<meta property=\"og:title\" content=\"Kontakt &ndash; Penzion Garden\" \/>\n<meta property=\"og:description\" content=\"Penzion nab\u00edzej\u00edc\u00ed ubytov\u00e1n\u00ed v \u010cern\u00e9m Dole (Krkono\u0161e, J\u00e1nsk\u00e9 L\u00e1zn\u011b) v p\u0159\u00edjemn\u00fdch apartm\u00e1nech. P\u0159ij\u010fte k n\u00e1m str\u00e1vit va\u0161i rodinnou dovolenou!\" \/>\n<meta property=\"og:url\" content=\"https:\/\/penzion-garden.cz\/pl\/kontakt\/\" \/>\n<meta property=\"og:site_name\" content=\"Penzion Garden\" \/>\n<meta property=\"article:publisher\" content=\"https:\/\/www.facebook.com\/PenzionGarden\/\" \/>\n<meta property=\"article:modified_time\" content=\"2020-12-01T09:50:36+00:00\" \/>\n<meta name=\"twitter:card\" content=\"summary_large_image\" \/>\n<meta name=\"twitter:label1\" content=\"Written by\">\n\t<meta name=\"twitter:data1\" content=\"Keller\">\n\t<meta name=\"twitter:label2\" content=\"Est. reading time\">\n\t<meta name=\"twitter:data2\" content=\"3 minuty\">\n<script type=\"application\/ld+json\" class=\"yoast-schema-graph\">{\"@context\":\"https:\/\/schema.org\",\"@graph\":[{\"@type\":\"Organization\",\"@id\":\"https:\/\/penzion-garden.cz\/en\/#organization\",\"name\":\"Penzion Gargen\",\"url\":\"https:\/\/penzion-garden.cz\/en\/\",\"sameAs\":[\"https:\/\/www.facebook.com\/PenzionGarden\/\"],\"logo\":{\"@type\":\"ImageObject\",\"@id\":\"https:\/\/penzion-garden.cz\/en\/#logo\",\"inLanguage\":\"pl-PL\",\"url\":\"https:\/\/penzion-garden.cz\/wp-content\/uploads\/2018\/06\/Apartmany-garden-640-2.jpg\",\"width\":640,\"height\":428,\"caption\":\"Penzion Gargen\"},\"image\":{\"@id\":\"https:\/\/penzion-garden.cz\/en\/#logo\"}},{\"@type\":\"WebSite\",\"@id\":\"https:\/\/penzion-garden.cz\/en\/#website\",\"url\":\"https:\/\/penzion-garden.cz\/en\/\",\"name\":\"Penzion Garden\",\"description\":\"Penzion v Krkono\\u0161\\u00edch nab\\u00edzej\\u00edc\\u00ed ubytov\\u00e1n\\u00ed v p\\u0159\\u00edjemn\\u00fdch apartm\\u00e1nech.\",\"publisher\":{\"@id\":\"https:\/\/penzion-garden.cz\/en\/#organization\"},\"potentialAction\":[{\"@type\":\"SearchAction\",\"target\":\"https:\/\/penzion-garden.cz\/en\/?s={search_term_string}\",\"query-input\":\"required name=search_term_string\"}],\"inLanguage\":\"pl-PL\"},{\"@type\":\"WebPage\",\"@id\":\"https:\/\/penzion-garden.cz\/pl\/kontakt\/#webpage\",\"url\":\"https:\/\/penzion-garden.cz\/pl\/kontakt\/\",\"name\":\"Kontakt &ndash; Penzion Garden\",\"isPartOf\":{\"@id\":\"https:\/\/penzion-garden.cz\/en\/#website\"},\"datePublished\":\"2018-08-19T15:36:47+00:00\",\"dateModified\":\"2020-12-01T09:50:36+00:00\",\"description\":\"Penzion nab\\u00edzej\\u00edc\\u00ed ubytov\\u00e1n\\u00ed v \\u010cern\\u00e9m Dole (Krkono\\u0161e, J\\u00e1nsk\\u00e9 L\\u00e1zn\\u011b) v p\\u0159\\u00edjemn\\u00fdch apartm\\u00e1nech. P\\u0159ij\\u010fte k n\\u00e1m str\\u00e1vit va\\u0161i rodinnou dovolenou!\",\"inLanguage\":\"pl-PL\",\"potentialAction\":[{\"@type\":\"ReadAction\",\"target\":[\"https:\/\/penzion-garden.cz\/pl\/kontakt\/\"]}]}]}<\/script>\n<!-- \/ Yoast SEO plugin. -->","_links":{"self":[{"href":"https:\/\/penzion-garden.cz\/pl\/wp-json\/wp\/v2\/pages\/3338\/"}],"collection":[{"href":"https:\/\/penzion-garden.cz\/pl\/wp-json\/wp\/v2\/pages\/"}],"about":[{"href":"https:\/\/penzion-garden.cz\/pl\/wp-json\/wp\/v2\/types\/page\/"}],"author":[{"embeddable":true,"href":"https:\/\/penzion-garden.cz\/pl\/wp-json\/wp\/v2\/users\/4\/"}],"replies":[{"embeddable":true,"href":"https:\/\/penzion-garden.cz\/pl\/wp-json\/wp\/v2\/comments\/?post=3338"}],"version-history":[{"count":20,"href":"https:\/\/penzion-garden.cz\/pl\/wp-json\/wp\/v2\/pages\/3338\/revisions\/"}],"predecessor-version":[{"id":3825,"href":"https:\/\/penzion-garden.cz\/pl\/wp-json\/wp\/v2\/pages\/3338\/revisions\/3825\/"}],"wp:attachment":[{"href":"https:\/\/penzion-garden.cz\/pl\/wp-json\/wp\/v2\/media\/?parent=3338"}],"curies":[{"name":"wp","href":"https:\/\/api.w.org\/{rel}","templated":true}]}}