{"id":3230,"date":"2017-11-09T05:06:29","date_gmt":"2017-11-09T05:06:29","guid":{"rendered":"https:\/\/penzion-garden.cz\/?page_id=3230"},"modified":"2019-09-19T18:28:48","modified_gmt":"2019-09-19T18:28:48","slug":"apartments","status":"publish","type":"page","link":"https:\/\/penzion-garden.cz\/en\/apartments\/","title":{"rendered":"APARTMENTS"},"content":{"rendered":"[vc_row ct_row_stretch=&#8221;stretch_row&#8221; full_width=&#8221;stretch_row&#8221; css=&#8221;.vc_custom_1535539329641{background-color: #f9f9f9 !important;}&#8221;][vc_column][vc_tta_tabs style=&#8221;modern&#8221; color=&#8221;green&#8221; alignment=&#8221;center&#8221; active_section=&#8221;1&#8243;][vc_tta_section title=&#8221;Apartment No. 1&#8243; tab_id=&#8221;1527888785257-733b04cb-67d7&#8243;][vc_row_inner equal_height=&#8221;yes&#8221; content_placement=&#8221;middle&#8221;][vc_column_inner width=&#8221;1\/3&#8243;]<div id=\"ultimate-heading-252269f33a262e8c2\" class=\"uvc-heading ult-adjust-bottom-margin ultimate-heading-252269f33a262e8c2 uvc-9105 \" data-hspacer=\"no_spacer\"  data-halign=\"left\" style=\"text-align:left\"><div class=\"uvc-heading-spacer no_spacer\" style=\"top\"><\/div><div class=\"uvc-main-heading ult-responsive\"  data-ultimate-target='.uvc-heading.ultimate-heading-252269f33a262e8c2 h2'  data-responsive-json-new='{\"font-size\":\"desktop:40px;\",\"line-height\":\"desktop:50px;\"}' ><h2 style=\"font-family:&#039;Cinzel&#039;;font-weight:700;color:#87a802;margin-top:20px;margin-bottom:20px;\">Apartment No. 1<\/h2><\/div><\/div><div class=\"uavc-list-icon uavc-list-icon-wrapper ult-adjust-bottom-margin   \"><ul class=\"uavc-list\"><li><div class=\"uavc-list-content\" id=\"list-icon-wrap-9028\">\n<div class=\"uavc-list-icon  \" data-animation=\"\" data-animation-delay=\"03\" style=\"margin-right:10px;\"><div class=\"ult-just-icon-wrapper  \"><div class=\"align-icon\" style=\"text-align:center;\">\n<div class=\"aio-icon none \"  style=\"color:#87a802;font-size:18px;display:inline-block;\">\n\t<i class=\"Defaults-chevron-right\"><\/i>\n<\/div><\/div><\/div>\n<\/div><span  data-ultimate-target='#list-icon-wrap-9028 .uavc-list-desc'  data-responsive-json-new='{\"font-size\":\"desktop:15px;\",\"line-height\":\"desktop:15px;\"}'  class=\"uavc-list-desc ult-responsive\" style=\"font-weight:bold;color:#2d2d2d;\">Room 1 &#8211; 18 m2<\/span><\/div><\/li><li><div class=\"uavc-list-content\" id=\"list-icon-wrap-1788\">\n<div class=\"uavc-list-icon  \" data-animation=\"\" data-animation-delay=\"03\" style=\"margin-right:10px;\"><div class=\"ult-just-icon-wrapper  \"><div class=\"align-icon\" style=\"text-align:center;\">\n<div class=\"aio-icon none \"  style=\"color:#87a802;font-size:18px;display:inline-block;\">\n\t<i class=\"Defaults-chevron-right\"><\/i>\n<\/div><\/div><\/div>\n<\/div><span  data-ultimate-target='#list-icon-wrap-1788 .uavc-list-desc'  data-responsive-json-new='{\"font-size\":\"desktop:15px;\",\"line-height\":\"desktop:15px;\"}'  class=\"uavc-list-desc ult-responsive\" style=\"font-weight:bold;color:#2d2d2d;\">Room 2 &#8211; 12 m2<\/span><\/div><\/li><li><div class=\"uavc-list-content\" id=\"list-icon-wrap-9247\">\n<div class=\"uavc-list-icon  \" data-animation=\"\" data-animation-delay=\"03\" style=\"margin-right:10px;\"><div class=\"ult-just-icon-wrapper  \"><div class=\"align-icon\" style=\"text-align:center;\">\n<div class=\"aio-icon none \"  style=\"color:#87a802;font-size:18px;display:inline-block;\">\n\t<i class=\"Defaults-chevron-right\"><\/i>\n<\/div><\/div><\/div>\n<\/div><span  data-ultimate-target='#list-icon-wrap-9247 .uavc-list-desc'  data-responsive-json-new='{\"font-size\":\"desktop:15px;\",\"line-height\":\"desktop:15px;\"}'  class=\"uavc-list-desc ult-responsive\" style=\"font-weight:bold;color:#2d2d2d;\">Loggia 6 m2<\/span><\/div><\/li><li><div class=\"uavc-list-content\" id=\"list-icon-wrap-6485\">\n<div class=\"uavc-list-icon  \" data-animation=\"\" data-animation-delay=\"03\" style=\"margin-right:10px;\"><div class=\"ult-just-icon-wrapper  \"><div class=\"align-icon\" style=\"text-align:center;\">\n<div class=\"aio-icon none \"  style=\"color:#87a802;font-size:18px;display:inline-block;\">\n\t<i class=\"Defaults-chevron-right\"><\/i>\n<\/div><\/div><\/div>\n<\/div><span  data-ultimate-target='#list-icon-wrap-6485 .uavc-list-desc'  data-responsive-json-new='{\"font-size\":\"desktop:15px;\",\"line-height\":\"desktop:15px;\"}'  class=\"uavc-list-desc ult-responsive\" style=\"font-weight:bold;color:#2d2d2d;\">Bathroom 4 m2<\/span><\/div><\/li><\/ul><\/div>[\/vc_column_inner][vc_column_inner width=&#8221;2\/3&#8243;][vc_masonry_media_grid element_width=&#8221;6&#8243; item=&#8221;3126&#8243; grid_id=&#8221;vc_gid:1568917699796-e931b7e7-b416-7&#8243; include=&#8221;2623,2622,2626,2822&#8243;][\/vc_column_inner][\/vc_row_inner][\/vc_tta_section][vc_tta_section title=&#8221;Apartment No. 2&#8243; tab_id=&#8221;1527888785286-13b2d314-2afd&#8221;][vc_row_inner equal_height=&#8221;yes&#8221; content_placement=&#8221;middle&#8221;][vc_column_inner width=&#8221;1\/3&#8243;]<div id=\"ultimate-heading-293969f33a262ebf0\" class=\"uvc-heading ult-adjust-bottom-margin ultimate-heading-293969f33a262ebf0 uvc-7278 \" data-hspacer=\"no_spacer\"  data-halign=\"left\" style=\"text-align:left\"><div class=\"uvc-heading-spacer no_spacer\" style=\"top\"><\/div><div class=\"uvc-main-heading ult-responsive\"  data-ultimate-target='.uvc-heading.ultimate-heading-293969f33a262ebf0 h2'  data-responsive-json-new='{\"font-size\":\"desktop:40px;\",\"line-height\":\"desktop:50px;\"}' ><h2 style=\"font-family:&#039;Cinzel&#039;;font-weight:700;color:#87a802;margin-top:20px;margin-bottom:20px;\">Apartment No. 2<\/h2><\/div><\/div><div class=\"uavc-list-icon uavc-list-icon-wrapper ult-adjust-bottom-margin   \"><ul class=\"uavc-list\"><li><div class=\"uavc-list-content\" id=\"list-icon-wrap-3005\">\n<div class=\"uavc-list-icon  \" data-animation=\"\" data-animation-delay=\"03\" style=\"margin-right:10px;\"><div class=\"ult-just-icon-wrapper  \"><div class=\"align-icon\" style=\"text-align:center;\">\n<div class=\"aio-icon none \"  style=\"color:#87a802;font-size:18px;display:inline-block;\">\n\t<i class=\"Defaults-chevron-right\"><\/i>\n<\/div><\/div><\/div>\n<\/div><span  data-ultimate-target='#list-icon-wrap-3005 .uavc-list-desc'  data-responsive-json-new='{\"font-size\":\"desktop:15px;\",\"line-height\":\"desktop:15px;\"}'  class=\"uavc-list-desc ult-responsive\" style=\"font-weight:bold;color:#2d2d2d;\">28 m2<\/span><\/div><\/li><li><div class=\"uavc-list-content\" id=\"list-icon-wrap-6349\">\n<div class=\"uavc-list-icon  \" data-animation=\"\" data-animation-delay=\"03\" style=\"margin-right:10px;\"><div class=\"ult-just-icon-wrapper  \"><div class=\"align-icon\" style=\"text-align:center;\">\n<div class=\"aio-icon none \"  style=\"color:#87a802;font-size:18px;display:inline-block;\">\n\t<i class=\"Defaults-chevron-right\"><\/i>\n<\/div><\/div><\/div>\n<\/div><span  data-ultimate-target='#list-icon-wrap-6349 .uavc-list-desc'  data-responsive-json-new='{\"font-size\":\"desktop:15px;\",\"line-height\":\"desktop:15px;\"}'  class=\"uavc-list-desc ult-responsive\" style=\"font-weight:bold;color:#2d2d2d;\">Loggia 6 m2<\/span><\/div><\/li><li><div class=\"uavc-list-content\" id=\"list-icon-wrap-9274\">\n<div class=\"uavc-list-icon  \" data-animation=\"\" data-animation-delay=\"03\" style=\"margin-right:10px;\"><div class=\"ult-just-icon-wrapper  \"><div class=\"align-icon\" style=\"text-align:center;\">\n<div class=\"aio-icon none \"  style=\"color:#87a802;font-size:18px;display:inline-block;\">\n\t<i class=\"Defaults-chevron-right\"><\/i>\n<\/div><\/div><\/div>\n<\/div><span  data-ultimate-target='#list-icon-wrap-9274 .uavc-list-desc'  data-responsive-json-new='{\"font-size\":\"desktop:15px;\",\"line-height\":\"desktop:15px;\"}'  class=\"uavc-list-desc ult-responsive\" style=\"font-weight:bold;color:#2d2d2d;\">Bathroom 4 m2<\/span><\/div><\/li><\/ul><\/div>[\/vc_column_inner][vc_column_inner width=&#8221;2\/3&#8243;][vc_masonry_media_grid element_width=&#8221;6&#8243; item=&#8221;3126&#8243; grid_id=&#8221;vc_gid:1568917699803-052feeb7-48fa-0&#8243; include=&#8221;2628,2631,2630,2821&#8243;][\/vc_column_inner][\/vc_row_inner][\/vc_tta_section][vc_tta_section title=&#8221;Apartment No. 3&#8243; tab_id=&#8221;1527889750081-4c3336fa-ea4a&#8221;][vc_row_inner equal_height=&#8221;yes&#8221; content_placement=&#8221;middle&#8221;][vc_column_inner width=&#8221;1\/3&#8243;]<div id=\"ultimate-heading-992569f33a262ed1a\" class=\"uvc-heading ult-adjust-bottom-margin ultimate-heading-992569f33a262ed1a uvc-9372 \" data-hspacer=\"no_spacer\"  data-halign=\"left\" style=\"text-align:left\"><div class=\"uvc-heading-spacer no_spacer\" style=\"top\"><\/div><div class=\"uvc-main-heading ult-responsive\"  data-ultimate-target='.uvc-heading.ultimate-heading-992569f33a262ed1a h2'  data-responsive-json-new='{\"font-size\":\"desktop:40px;\",\"line-height\":\"desktop:50px;\"}' ><h2 style=\"font-family:&#039;Cinzel&#039;;font-weight:700;color:#87a802;margin-top:20px;margin-bottom:20px;\">Apartment No. 3<\/h2><\/div><\/div><div class=\"uavc-list-icon uavc-list-icon-wrapper ult-adjust-bottom-margin   \"><ul class=\"uavc-list\"><li><div class=\"uavc-list-content\" id=\"list-icon-wrap-3593\">\n<div class=\"uavc-list-icon  \" data-animation=\"\" data-animation-delay=\"03\" style=\"margin-right:10px;\"><div class=\"ult-just-icon-wrapper  \"><div class=\"align-icon\" style=\"text-align:center;\">\n<div class=\"aio-icon none \"  style=\"color:#87a802;font-size:18px;display:inline-block;\">\n\t<i class=\"Defaults-chevron-right\"><\/i>\n<\/div><\/div><\/div>\n<\/div><span  data-ultimate-target='#list-icon-wrap-3593 .uavc-list-desc'  data-responsive-json-new='{\"font-size\":\"desktop:15px;\",\"line-height\":\"desktop:15px;\"}'  class=\"uavc-list-desc ult-responsive\" style=\"font-weight:bold;color:#2d2d2d;\">18 m2<\/span><\/div><\/li><li><div class=\"uavc-list-content\" id=\"list-icon-wrap-9826\">\n<div class=\"uavc-list-icon  \" data-animation=\"\" data-animation-delay=\"03\" style=\"margin-right:10px;\"><div class=\"ult-just-icon-wrapper  \"><div class=\"align-icon\" style=\"text-align:center;\">\n<div class=\"aio-icon none \"  style=\"color:#87a802;font-size:18px;display:inline-block;\">\n\t<i class=\"Defaults-chevron-right\"><\/i>\n<\/div><\/div><\/div>\n<\/div><span  data-ultimate-target='#list-icon-wrap-9826 .uavc-list-desc'  data-responsive-json-new='{\"font-size\":\"desktop:15px;\",\"line-height\":\"desktop:15px;\"}'  class=\"uavc-list-desc ult-responsive\" style=\"font-weight:bold;color:#2d2d2d;\">Bathroom 6 m2<\/span><\/div><\/li><\/ul><\/div>[\/vc_column_inner][vc_column_inner width=&#8221;2\/3&#8243;][vc_masonry_media_grid element_width=&#8221;6&#8243; item=&#8221;3126&#8243; grid_id=&#8221;vc_gid:1568917699806-82f3ec93-f26b-3&#8243; include=&#8221;3189,3191,3188,3190&#8243;][\/vc_column_inner][\/vc_row_inner][\/vc_tta_section][vc_tta_section title=&#8221;Apartment No. 4&#8243; tab_id=&#8221;1568917702607-14117b2c-03c7&#8243;][vc_row_inner equal_height=&#8221;yes&#8221; content_placement=&#8221;middle&#8221;][vc_column_inner width=&#8221;1\/3&#8243;]<div id=\"ultimate-heading-636669f33a262edf1\" class=\"uvc-heading ult-adjust-bottom-margin ultimate-heading-636669f33a262edf1 uvc-1344 \" data-hspacer=\"no_spacer\"  data-halign=\"left\" style=\"text-align:left\"><div class=\"uvc-heading-spacer no_spacer\" style=\"top\"><\/div><div class=\"uvc-main-heading ult-responsive\"  data-ultimate-target='.uvc-heading.ultimate-heading-636669f33a262edf1 h2'  data-responsive-json-new='{\"font-size\":\"desktop:40px;\",\"line-height\":\"desktop:50px;\"}' ><h2 style=\"font-family:&#039;Cinzel&#039;;font-weight:700;color:#87a802;margin-top:20px;margin-bottom:20px;\">Apartment No. 4<\/h2><\/div><\/div><div class=\"uavc-list-icon uavc-list-icon-wrapper ult-adjust-bottom-margin   \"><ul class=\"uavc-list\"><li><div class=\"uavc-list-content\" id=\"list-icon-wrap-4165\">\n<div class=\"uavc-list-icon  \" data-animation=\"\" data-animation-delay=\"03\" style=\"margin-right:10px;\"><div class=\"ult-just-icon-wrapper  \"><div class=\"align-icon\" style=\"text-align:center;\">\n<div class=\"aio-icon none \"  style=\"color:#87a802;font-size:18px;display:inline-block;\">\n\t<i class=\"Defaults-chevron-right\"><\/i>\n<\/div><\/div><\/div>\n<\/div><span  data-ultimate-target='#list-icon-wrap-4165 .uavc-list-desc'  data-responsive-json-new='{\"font-size\":\"desktop:15px;\",\"line-height\":\"desktop:15px;\"}'  class=\"uavc-list-desc ult-responsive\" style=\"font-weight:bold;color:#2d2d2d;\">Room 1 &#8211; 18 m2<\/span><\/div><\/li><li><div class=\"uavc-list-content\" id=\"list-icon-wrap-3246\">\n<div class=\"uavc-list-icon  \" data-animation=\"\" data-animation-delay=\"03\" style=\"margin-right:10px;\"><div class=\"ult-just-icon-wrapper  \"><div class=\"align-icon\" style=\"text-align:center;\">\n<div class=\"aio-icon none \"  style=\"color:#87a802;font-size:18px;display:inline-block;\">\n\t<i class=\"Defaults-chevron-right\"><\/i>\n<\/div><\/div><\/div>\n<\/div><span  data-ultimate-target='#list-icon-wrap-3246 .uavc-list-desc'  data-responsive-json-new='{\"font-size\":\"desktop:15px;\",\"line-height\":\"desktop:15px;\"}'  class=\"uavc-list-desc ult-responsive\" style=\"font-weight:bold;color:#2d2d2d;\">Room 2 &#8211; 12 m2<\/span><\/div><\/li><li><div class=\"uavc-list-content\" id=\"list-icon-wrap-5916\">\n<div class=\"uavc-list-icon  \" data-animation=\"\" data-animation-delay=\"03\" style=\"margin-right:10px;\"><div class=\"ult-just-icon-wrapper  \"><div class=\"align-icon\" style=\"text-align:center;\">\n<div class=\"aio-icon none \"  style=\"color:#87a802;font-size:18px;display:inline-block;\">\n\t<i class=\"Defaults-chevron-right\"><\/i>\n<\/div><\/div><\/div>\n<\/div><span  data-ultimate-target='#list-icon-wrap-5916 .uavc-list-desc'  data-responsive-json-new='{\"font-size\":\"desktop:15px;\",\"line-height\":\"desktop:15px;\"}'  class=\"uavc-list-desc ult-responsive\" style=\"font-weight:bold;color:#2d2d2d;\">Loggia 6 m2<\/span><\/div><\/li><li><div class=\"uavc-list-content\" id=\"list-icon-wrap-6879\">\n<div class=\"uavc-list-icon  \" data-animation=\"\" data-animation-delay=\"03\" style=\"margin-right:10px;\"><div class=\"ult-just-icon-wrapper  \"><div class=\"align-icon\" style=\"text-align:center;\">\n<div class=\"aio-icon none \"  style=\"color:#87a802;font-size:18px;display:inline-block;\">\n\t<i class=\"Defaults-chevron-right\"><\/i>\n<\/div><\/div><\/div>\n<\/div><span  data-ultimate-target='#list-icon-wrap-6879 .uavc-list-desc'  data-responsive-json-new='{\"font-size\":\"desktop:15px;\",\"line-height\":\"desktop:15px;\"}'  class=\"uavc-list-desc ult-responsive\" style=\"font-weight:bold;color:#2d2d2d;\">Bathroom 4 m2<\/span><\/div><\/li><\/ul><\/div>[\/vc_column_inner][vc_column_inner width=&#8221;2\/3&#8243;][vc_masonry_media_grid element_width=&#8221;6&#8243; item=&#8221;3126&#8243; grid_id=&#8221;vc_gid:1568917703098-5f8f7a4b-b2e1-6&#8243; include=&#8221;2623,2622,2626,2822&#8243;][\/vc_column_inner][\/vc_row_inner][\/vc_tta_section][\/vc_tta_tabs][\/vc_column][\/vc_row]\n","protected":false},"excerpt":{"rendered":"<p>[vc_row ct_row_stretch=&#8221;stretch_row&#8221; full_width=&#8221;stretch_row&#8221; css=&#8221;.vc_custom_1535539329641{background-color: #f9f9f9 !important;}&#8221;][vc_column][vc_tta_tabs style=&#8221;modern&#8221; color=&#8221;green&#8221; alignment=&#8221;center&#8221; active_section=&#8221;1&#8243;][vc_tta_section title=&#8221;Apartment No. 1&#8243; tab_id=&#8221;1527888785257-733b04cb-67d7&#8243;][vc_row_inner equal_height=&#8221;yes&#8221; content_placement=&#8221;middle&#8221;][vc_column_inner width=&#8221;1\/3&#8243;][\/vc_column_inner][vc_column_inner width=&#8221;2\/3&#8243;][vc_masonry_media_grid element_width=&#8221;6&#8243; item=&#8221;3126&#8243; grid_id=&#8221;vc_gid:1568917699796-e931b7e7-b416-7&#8243; include=&#8221;2623,2622,2626,2822&#8243;][\/vc_column_inner][\/vc_row_inner][\/vc_tta_section][vc_tta_section title=&#8221;Apartment No. 2&#8243; tab_id=&#8221;1527888785286-13b2d314-2afd&#8221;][vc_row_inner equal_height=&#8221;yes&#8221; content_placement=&#8221;middle&#8221;][vc_column_inner width=&#8221;1\/3&#8243;][\/vc_column_inner][vc_column_inner width=&#8221;2\/3&#8243;][vc_masonry_media_grid element_width=&#8221;6&#8243; item=&#8221;3126&#8243; grid_id=&#8221;vc_gid:1568917699803-052feeb7-48fa-0&#8243; include=&#8221;2628,2631,2630,2821&#8243;][\/vc_column_inner][\/vc_row_inner][\/vc_tta_section][vc_tta_section title=&#8221;Apartment No. 3&#8243; tab_id=&#8221;1527889750081-4c3336fa-ea4a&#8221;][vc_row_inner equal_height=&#8221;yes&#8221; content_placement=&#8221;middle&#8221;][vc_column_inner width=&#8221;1\/3&#8243;][\/vc_column_inner][vc_column_inner width=&#8221;2\/3&#8243;][vc_masonry_media_grid element_width=&#8221;6&#8243; item=&#8221;3126&#8243; grid_id=&#8221;vc_gid:1568917699806-82f3ec93-f26b-3&#8243; include=&#8221;3189,3191,3188,3190&#8243;][\/vc_column_inner][\/vc_row_inner][\/vc_tta_section][vc_tta_section title=&#8221;Apartment No. 4&#8243; tab_id=&#8221;1568917702607-14117b2c-03c7&#8243;][vc_row_inner equal_height=&#8221;yes&#8221; content_placement=&#8221;middle&#8221;][vc_column_inner width=&#8221;1\/3&#8243;][\/vc_column_inner][vc_column_inner width=&#8221;2\/3&#8243;][vc_masonry_media_grid element_width=&#8221;6&#8243; &#8230;<\/p>\n","protected":false},"author":4,"featured_media":0,"parent":0,"menu_order":0,"comment_status":"closed","ping_status":"closed","template":"","meta":[],"yoast_head":"<!-- This site is optimized with the Yoast SEO plugin v15.4 - https:\/\/yoast.com\/wordpress\/plugins\/seo\/ -->\n<title>APARTMENTS &ndash; Penzion Garden<\/title>\n<meta name=\"description\" content=\"Penzion nab\u00edzej\u00edc\u00ed ubytov\u00e1n\u00ed v \u010cern\u00e9m Dole (Krkono\u0161e, J\u00e1nsk\u00e9 L\u00e1zn\u011b) v p\u0159\u00edjemn\u00fdch apartm\u00e1nech. P\u0159ij\u010fte k n\u00e1m str\u00e1vit va\u0161i rodinnou dovolenou!\" \/>\n<meta name=\"robots\" content=\"index, follow, max-snippet:-1, max-image-preview:large, max-video-preview:-1\" \/>\n<link rel=\"canonical\" href=\"https:\/\/penzion-garden.cz\/en\/apartments\/\" \/>\n<meta property=\"og:locale\" content=\"en_US\" \/>\n<meta property=\"og:type\" content=\"article\" \/>\n<meta property=\"og:title\" content=\"APARTMENTS &ndash; Penzion Garden\" \/>\n<meta property=\"og:description\" content=\"Penzion nab\u00edzej\u00edc\u00ed ubytov\u00e1n\u00ed v \u010cern\u00e9m Dole (Krkono\u0161e, J\u00e1nsk\u00e9 L\u00e1zn\u011b) v p\u0159\u00edjemn\u00fdch apartm\u00e1nech. P\u0159ij\u010fte k n\u00e1m str\u00e1vit va\u0161i rodinnou dovolenou!\" \/>\n<meta property=\"og:url\" content=\"https:\/\/penzion-garden.cz\/en\/apartments\/\" \/>\n<meta property=\"og:site_name\" content=\"Penzion Garden\" \/>\n<meta property=\"article:publisher\" content=\"https:\/\/www.facebook.com\/PenzionGarden\/\" \/>\n<meta property=\"article:modified_time\" content=\"2019-09-19T18:28:48+00:00\" \/>\n<meta name=\"twitter:card\" content=\"summary_large_image\" \/>\n<meta name=\"twitter:label1\" content=\"Written by\">\n\t<meta name=\"twitter:data1\" content=\"Keller\">\n\t<meta name=\"twitter:label2\" content=\"Est. reading time\">\n\t<meta name=\"twitter:data2\" content=\"4 minutes\">\n<script type=\"application\/ld+json\" class=\"yoast-schema-graph\">{\"@context\":\"https:\/\/schema.org\",\"@graph\":[{\"@type\":\"Organization\",\"@id\":\"https:\/\/penzion-garden.cz\/en\/#organization\",\"name\":\"Penzion Gargen\",\"url\":\"https:\/\/penzion-garden.cz\/en\/\",\"sameAs\":[\"https:\/\/www.facebook.com\/PenzionGarden\/\"],\"logo\":{\"@type\":\"ImageObject\",\"@id\":\"https:\/\/penzion-garden.cz\/en\/#logo\",\"inLanguage\":\"en-US\",\"url\":\"https:\/\/penzion-garden.cz\/wp-content\/uploads\/2018\/06\/Apartmany-garden-640-2.jpg\",\"width\":640,\"height\":428,\"caption\":\"Penzion Gargen\"},\"image\":{\"@id\":\"https:\/\/penzion-garden.cz\/en\/#logo\"}},{\"@type\":\"WebSite\",\"@id\":\"https:\/\/penzion-garden.cz\/en\/#website\",\"url\":\"https:\/\/penzion-garden.cz\/en\/\",\"name\":\"Penzion Garden\",\"description\":\"Penzion v Krkono\\u0161\\u00edch nab\\u00edzej\\u00edc\\u00ed ubytov\\u00e1n\\u00ed v p\\u0159\\u00edjemn\\u00fdch apartm\\u00e1nech.\",\"publisher\":{\"@id\":\"https:\/\/penzion-garden.cz\/en\/#organization\"},\"potentialAction\":[{\"@type\":\"SearchAction\",\"target\":\"https:\/\/penzion-garden.cz\/en\/?s={search_term_string}\",\"query-input\":\"required name=search_term_string\"}],\"inLanguage\":\"en-US\"},{\"@type\":\"WebPage\",\"@id\":\"https:\/\/penzion-garden.cz\/en\/apartments\/#webpage\",\"url\":\"https:\/\/penzion-garden.cz\/en\/apartments\/\",\"name\":\"APARTMENTS &ndash; Penzion Garden\",\"isPartOf\":{\"@id\":\"https:\/\/penzion-garden.cz\/en\/#website\"},\"datePublished\":\"2017-11-09T05:06:29+00:00\",\"dateModified\":\"2019-09-19T18:28:48+00:00\",\"description\":\"Penzion nab\\u00edzej\\u00edc\\u00ed ubytov\\u00e1n\\u00ed v \\u010cern\\u00e9m Dole (Krkono\\u0161e, J\\u00e1nsk\\u00e9 L\\u00e1zn\\u011b) v p\\u0159\\u00edjemn\\u00fdch apartm\\u00e1nech. P\\u0159ij\\u010fte k n\\u00e1m str\\u00e1vit va\\u0161i rodinnou dovolenou!\",\"inLanguage\":\"en-US\",\"potentialAction\":[{\"@type\":\"ReadAction\",\"target\":[\"https:\/\/penzion-garden.cz\/en\/apartments\/\"]}]}]}<\/script>\n<!-- \/ Yoast SEO plugin. -->","_links":{"self":[{"href":"https:\/\/penzion-garden.cz\/en\/wp-json\/wp\/v2\/pages\/3230\/"}],"collection":[{"href":"https:\/\/penzion-garden.cz\/en\/wp-json\/wp\/v2\/pages\/"}],"about":[{"href":"https:\/\/penzion-garden.cz\/en\/wp-json\/wp\/v2\/types\/page\/"}],"author":[{"embeddable":true,"href":"https:\/\/penzion-garden.cz\/en\/wp-json\/wp\/v2\/users\/4\/"}],"replies":[{"embeddable":true,"href":"https:\/\/penzion-garden.cz\/en\/wp-json\/wp\/v2\/comments\/?post=3230"}],"version-history":[{"count":13,"href":"https:\/\/penzion-garden.cz\/en\/wp-json\/wp\/v2\/pages\/3230\/revisions\/"}],"predecessor-version":[{"id":3738,"href":"https:\/\/penzion-garden.cz\/en\/wp-json\/wp\/v2\/pages\/3230\/revisions\/3738\/"}],"wp:attachment":[{"href":"https:\/\/penzion-garden.cz\/en\/wp-json\/wp\/v2\/media\/?parent=3230"}],"curies":[{"name":"wp","href":"https:\/\/api.w.org\/{rel}","templated":true}]}}